{"id":367,"date":"2022-12-12T13:53:28","date_gmt":"2022-12-12T12:53:28","guid":{"rendered":"https:\/\/toulouse.augarage.tech\/?page_id=367"},"modified":"2023-06-23T18:50:16","modified_gmt":"2023-06-23T16:50:16","slug":"notre-reseau","status":"publish","type":"page","link":"https:\/\/toulouse.augarage.tech\/index.php\/notre-reseau\/","title":{"rendered":"Notre r\u00e9seau"},"content":{"rendered":"<p>[et_pb_section fb_built=\u00a0\u00bb1&Prime; _builder_version=\u00a0\u00bb4.19.4&Prime; _module_preset=\u00a0\u00bbdefault\u00a0\u00bb background_color=\u00a0\u00bbrgba(0,0,0,0.55)\u00a0\u00bb background_image=\u00a0\u00bbhttps:\/\/toulouse.augarage.tech\/wp-content\/uploads\/2023\/01\/iStock-1438137472.jpg\u00a0\u00bb background_blend=\u00a0\u00bbdarken\u00a0\u00bb custom_padding=\u00a0\u00bb67px||||false|false\u00a0\u00bb global_colors_info=\u00a0\u00bb{}\u00a0\u00bb][et_pb_row _builder_version=\u00a0\u00bb4.18.1&Prime; _module_preset=\u00a0\u00bbdefault\u00a0\u00bb global_colors_info=\u00a0\u00bb{}\u00a0\u00bb][et_pb_column type=\u00a0\u00bb4_4&Prime; _builder_version=\u00a0\u00bb4.18.1&Prime; _module_preset=\u00a0\u00bbdefault\u00a0\u00bb global_colors_info=\u00a0\u00bb{}\u00a0\u00bb][et_pb_post_title meta=\u00a0\u00bboff\u00a0\u00bb featured_image=\u00a0\u00bboff\u00a0\u00bb text_color=\u00a0\u00bblight\u00a0\u00bb _builder_version=\u00a0\u00bb4.18.1&Prime; _module_preset=\u00a0\u00bbdefault\u00a0\u00bb title_font=\u00a0\u00bb|700|||||||\u00a0\u00bb title_font_size=\u00a0\u00bb50px\u00a0\u00bb text_orientation=\u00a0\u00bbcenter\u00a0\u00bb global_colors_info=\u00a0\u00bb{}\u00a0\u00bb][\/et_pb_post_title][\/et_pb_column][\/et_pb_row][\/et_pb_section][et_pb_section fb_built=\u00a0\u00bb1&Prime; _builder_version=\u00a0\u00bb4.18.1&Prime; _module_preset=\u00a0\u00bbdefault\u00a0\u00bb custom_padding=\u00a0\u00bb||0px|||\u00a0\u00bb global_colors_info=\u00a0\u00bb{}\u00a0\u00bb][et_pb_row _builder_version=\u00a0\u00bb4.19.2&Prime; _module_preset=\u00a0\u00bbdefault\u00a0\u00bb global_colors_info=\u00a0\u00bb{}\u00a0\u00bb][et_pb_column type=\u00a0\u00bb4_4&Prime; _builder_version=\u00a0\u00bb4.19.2&Prime; _module_preset=\u00a0\u00bbdefault\u00a0\u00bb global_colors_info=\u00a0\u00bb{}\u00a0\u00bb][et_pb_text _builder_version=\u00a0\u00bb4.19.4&Prime; _module_preset=\u00a0\u00bbdefault\u00a0\u00bb text_font=\u00a0\u00bb|700|||||||\u00a0\u00bb text_text_color=\u00a0\u00bb#9ec63e\u00a0\u00bb text_font_size=\u00a0\u00bb39px\u00a0\u00bb text_line_height=\u00a0\u00bb1em\u00a0\u00bb header_text_color=\u00a0\u00bbrgba(0,0,0,0.6)\u00a0\u00bb global_colors_info=\u00a0\u00bb{}\u00a0\u00bb]<\/p>\n<p style=\"text-align: center;\">Qui sommes-nous ?<\/p>\n<p>[\/et_pb_text][et_pb_text _builder_version=\u00a0\u00bb4.21.0&Prime; _module_preset=\u00a0\u00bbdefault\u00a0\u00bb text_font_size=\u00a0\u00bb18px\u00a0\u00bb hover_enabled=\u00a0\u00bb0&Prime; global_colors_info=\u00a0\u00bb{}\u00a0\u00bb sticky_enabled=\u00a0\u00bb0&Prime;]<\/p>\n<p class=\"p1\">Vert l\u2019objectif Toulouse fait partie du r\u00e9seau Vert l\u2019objectif, sp\u00e9cialiste de l\u2019int\u00e9rim et du recrutement dans les espaces verts pr\u00e9sent dans le secteur depuis plus de 20 ans.<\/p>\n<p>[\/et_pb_text][\/et_pb_column][\/et_pb_row][et_pb_row _builder_version=\u00a0\u00bb4.19.2&Prime; _module_preset=\u00a0\u00bbdefault\u00a0\u00bb custom_margin=\u00a0\u00bb40px||||false|false\u00a0\u00bb global_colors_info=\u00a0\u00bb{}\u00a0\u00bb][et_pb_column type=\u00a0\u00bb4_4&Prime; _builder_version=\u00a0\u00bb4.19.2&Prime; _module_preset=\u00a0\u00bbdefault\u00a0\u00bb global_colors_info=\u00a0\u00bb{}\u00a0\u00bb][et_pb_text _builder_version=\u00a0\u00bb4.19.2&Prime; _module_preset=\u00a0\u00bbdefault\u00a0\u00bb text_text_color=\u00a0\u00bb#9ec63e\u00a0\u00bb header_text_color=\u00a0\u00bbrgba(0,0,0,0.6)\u00a0\u00bb global_colors_info=\u00a0\u00bb{}\u00a0\u00bb]<\/p>\n<h1 style=\"text-align: center;\"><strong>Le professionnel de l&#8217;emploi en Espaces Verts \u00e0 votre service<\/strong><\/h1>\n<p>[\/et_pb_text][et_pb_text _builder_version=\u00a0\u00bb4.19.2&Prime; _module_preset=\u00a0\u00bbdefault\u00a0\u00bb global_colors_info=\u00a0\u00bb{}\u00a0\u00bb]<\/p>\n<p class=\"p1\">Depuis plus de 20 ans\u00a0<b>VERT L&rsquo;OBJECTIF<\/b>\u00a0partage avec vous la m\u00eame passion \u00ab\u00a0l&rsquo;exigence du travail bien fait\u00a0\u00bb.<\/p>\n<p class=\"p1\">L&rsquo;\u00e9coute, la compr\u00e9hension, la r\u00e9ponse \u00e0 vos besoins, le service sont les \u00e9l\u00e9ments incontournables pour r\u00e9aliser une prestation de qualit\u00e9.<\/p>\n<p class=\"p1\">Issue de votre profession, ou form\u00e9e \u00e0 vos exigences, notre \u00e9quipe apporte des solutions efficaces au recrutement ainsi qu&rsquo;\u00e0 la d\u00e9l\u00e9gation de personnel qualifi\u00e9 dans votre secteur d&rsquo;activit\u00e9.<\/p>\n<p class=\"p1\"><b>VERT L&rsquo;OBJECTIF<\/b> privil\u00e9gie les relations de confiance entre les candidats et les entreprises, ce qui est essentiel pour notre d\u00e9marche qualit\u00e9, am\u00e9liorant au quotidien notre prestation de service.<\/p>\n<p class=\"p3\">Nos \u00e9quipes sont sp\u00e9cialis\u00e9es dans le domaine des espaces verts et notre connaissance de ce milieu nous place comme le leader sur le march\u00e9.<\/p>\n<p>[\/et_pb_text][\/et_pb_column][\/et_pb_row][et_pb_row _builder_version=\u00a0\u00bb4.19.2&Prime; _module_preset=\u00a0\u00bbdefault\u00a0\u00bb global_colors_info=\u00a0\u00bb{}\u00a0\u00bb][et_pb_column type=\u00a0\u00bb4_4&Prime; _builder_version=\u00a0\u00bb4.19.2&Prime; _module_preset=\u00a0\u00bbdefault\u00a0\u00bb global_colors_info=\u00a0\u00bb{}\u00a0\u00bb][et_pb_divider color=\u00a0\u00bbrgba(0,0,0,0.2)\u00a0\u00bb divider_position=\u00a0\u00bbcenter\u00a0\u00bb _builder_version=\u00a0\u00bb4.19.2&Prime; _module_preset=\u00a0\u00bbdefault\u00a0\u00bb global_colors_info=\u00a0\u00bb{}\u00a0\u00bb][\/et_pb_divider][\/et_pb_column][\/et_pb_row][et_pb_row _builder_version=\u00a0\u00bb4.19.2&Prime; _module_preset=\u00a0\u00bbdefault\u00a0\u00bb global_colors_info=\u00a0\u00bb{}\u00a0\u00bb][et_pb_column type=\u00a0\u00bb4_4&Prime; _builder_version=\u00a0\u00bb4.19.2&Prime; _module_preset=\u00a0\u00bbdefault\u00a0\u00bb global_colors_info=\u00a0\u00bb{}\u00a0\u00bb][et_pb_text _builder_version=\u00a0\u00bb4.19.4&Prime; _module_preset=\u00a0\u00bbdefault\u00a0\u00bb text_font=\u00a0\u00bb|700|||||||\u00a0\u00bb text_text_color=\u00a0\u00bb#9ec63e\u00a0\u00bb text_font_size=\u00a0\u00bb39px\u00a0\u00bb text_line_height=\u00a0\u00bb1em\u00a0\u00bb header_text_color=\u00a0\u00bbrgba(0,0,0,0.6)\u00a0\u00bb global_colors_info=\u00a0\u00bb{}\u00a0\u00bb]<\/p>\n<p style=\"text-align: center;\">Notre d\u00e9marche qualit\u00e9<\/p>\n<p>[\/et_pb_text][\/et_pb_column][\/et_pb_row][et_pb_row column_structure=\u00a0\u00bb1_2,1_2&Prime; _builder_version=\u00a0\u00bb4.19.2&Prime; _module_preset=\u00a0\u00bbdefault\u00a0\u00bb custom_margin=\u00a0\u00bb40px||||false|false\u00a0\u00bb global_colors_info=\u00a0\u00bb{}\u00a0\u00bb][et_pb_column type=\u00a0\u00bb1_2&Prime; _builder_version=\u00a0\u00bb4.19.2&Prime; _module_preset=\u00a0\u00bbdefault\u00a0\u00bb global_colors_info=\u00a0\u00bb{}\u00a0\u00bb][et_pb_text _builder_version=\u00a0\u00bb4.19.2&Prime; _module_preset=\u00a0\u00bbdefault\u00a0\u00bb text_text_color=\u00a0\u00bb#9ec63e\u00a0\u00bb header_text_color=\u00a0\u00bbrgba(0,0,0,0.6)\u00a0\u00bb global_colors_info=\u00a0\u00bb{}\u00a0\u00bb]<\/p>\n<h1 style=\"text-align: center;\"><strong>Analyse des besoins<\/strong><\/h1>\n<p>[\/et_pb_text][et_pb_text _builder_version=\u00a0\u00bb4.19.4&Prime; _module_preset=\u00a0\u00bbdefault\u00a0\u00bb global_colors_info=\u00a0\u00bb{}\u00a0\u00bb]<\/p>\n<p class=\"p1\">Nos consultants sont sp\u00e9cialis\u00e9s dans le domaine des espaces verts et connaissent parfaitement le march\u00e9 de l\u2019emploi dans votre secteur.<\/p>\n<p class=\"p1\">Ils sont \u00e0 votre service pour accueillir vos commandes.<\/p>\n<p class=\"p1\">Puis, un bon de commande est \u00e9tabli en interne, reprenant le d\u00e9tail de la mission, le profil du candidat souhait\u00e9, la t\u00e2che \u00e0 accomplir et les motifs de recours.<\/p>\n<p>[\/et_pb_text][\/et_pb_column][et_pb_column type=\u00a0\u00bb1_2&Prime; _builder_version=\u00a0\u00bb4.19.2&Prime; _module_preset=\u00a0\u00bbdefault\u00a0\u00bb global_colors_info=\u00a0\u00bb{}\u00a0\u00bb][et_pb_text _builder_version=\u00a0\u00bb4.19.2&Prime; _module_preset=\u00a0\u00bbdefault\u00a0\u00bb text_text_color=\u00a0\u00bb#9ec63e\u00a0\u00bb header_text_color=\u00a0\u00bbrgba(0,0,0,0.6)\u00a0\u00bb global_colors_info=\u00a0\u00bb{}\u00a0\u00bb]<\/p>\n<h1 style=\"text-align: center;\"><strong>Recherche active de candidatures<\/strong><\/h1>\n<p>[\/et_pb_text][et_pb_text _builder_version=\u00a0\u00bb4.19.2&Prime; _module_preset=\u00a0\u00bbdefault\u00a0\u00bb global_colors_info=\u00a0\u00bb{}\u00a0\u00bb]<\/p>\n<p class=\"p1\"><b>VERT L&rsquo;OBJECTIF<\/b>\u00a0recherche des candidats qualifi\u00e9s dans le domaine sp\u00e9cifi\u00e9 via de nombreuses sources de recrutement. Ces sources de recrutement (agence, presse sp\u00e9cialis\u00e9e, sites partenaires\u2026) permettent \u00e0 <b>VERT L&rsquo;OBJECTIF<\/b>\u00a0de r\u00e9pondre conform\u00e9ment, en moins de 24h aux demandes de ses clients.<\/p>\n<p>[\/et_pb_text][\/et_pb_column][\/et_pb_row][et_pb_row column_structure=\u00a0\u00bb1_2,1_2&Prime; _builder_version=\u00a0\u00bb4.19.2&Prime; _module_preset=\u00a0\u00bbdefault\u00a0\u00bb custom_margin=\u00a0\u00bb40px||||false|false\u00a0\u00bb global_colors_info=\u00a0\u00bb{}\u00a0\u00bb][et_pb_column type=\u00a0\u00bb1_2&Prime; _builder_version=\u00a0\u00bb4.19.2&Prime; _module_preset=\u00a0\u00bbdefault\u00a0\u00bb global_colors_info=\u00a0\u00bb{}\u00a0\u00bb][et_pb_text _builder_version=\u00a0\u00bb4.19.2&Prime; _module_preset=\u00a0\u00bbdefault\u00a0\u00bb text_text_color=\u00a0\u00bb#9ec63e\u00a0\u00bb header_text_color=\u00a0\u00bbrgba(0,0,0,0.6)\u00a0\u00bb global_colors_info=\u00a0\u00bb{}\u00a0\u00bb]<\/p>\n<h1 style=\"text-align: center;\"><strong>D\u00e9l\u00e9gation<\/strong><\/h1>\n<p>[\/et_pb_text][et_pb_text _builder_version=\u00a0\u00bb4.19.2&Prime; _module_preset=\u00a0\u00bbdefault\u00a0\u00bb global_colors_info=\u00a0\u00bb{}\u00a0\u00bb]<\/p>\n<p class=\"p1\">Tout personnel d\u00e9l\u00e9gu\u00e9 est muni d\u2019une fiche de mission, lui permettant de se rendre sur le lieu de travail dans les meilleures conditions : plan, mode de transport, temps de trajet, et coordonn\u00e9es de l\u2019interlocuteur.<\/p>\n<p>[\/et_pb_text][\/et_pb_column][et_pb_column type=\u00a0\u00bb1_2&Prime; _builder_version=\u00a0\u00bb4.19.2&Prime; _module_preset=\u00a0\u00bbdefault\u00a0\u00bb global_colors_info=\u00a0\u00bb{}\u00a0\u00bb][et_pb_text _builder_version=\u00a0\u00bb4.19.2&Prime; _module_preset=\u00a0\u00bbdefault\u00a0\u00bb text_text_color=\u00a0\u00bb#9ec63e\u00a0\u00bb header_text_color=\u00a0\u00bbrgba(0,0,0,0.6)\u00a0\u00bb global_colors_info=\u00a0\u00bb{}\u00a0\u00bb]<\/p>\n<h1 style=\"text-align: center;\"><strong>Suivi des missions<\/strong><\/h1>\n<p>[\/et_pb_text][et_pb_text _builder_version=\u00a0\u00bb4.19.2&Prime; _module_preset=\u00a0\u00bbdefault\u00a0\u00bb global_colors_info=\u00a0\u00bb{}\u00a0\u00bb]<\/p>\n<p class=\"p1\">Lors de chaque d\u00e9but de mission, les collaborateurs\u00a0<b>VERT L&rsquo;OBJECTIF<\/b>\u00a0s\u2019assurent de la prise de poste des int\u00e9rimaires sur les sites. Une mise au point des comp\u00e9tences est effectu\u00e9e, avec le client, au cours de chaque mission.<\/p>\n<p>[\/et_pb_text][\/et_pb_column][\/et_pb_row][et_pb_row column_structure=\u00a0\u00bb1_2,1_2&Prime; _builder_version=\u00a0\u00bb4.19.2&Prime; _module_preset=\u00a0\u00bbdefault\u00a0\u00bb custom_margin=\u00a0\u00bb40px||||false|false\u00a0\u00bb global_colors_info=\u00a0\u00bb{}\u00a0\u00bb][et_pb_column type=\u00a0\u00bb1_2&Prime; _builder_version=\u00a0\u00bb4.19.2&Prime; _module_preset=\u00a0\u00bbdefault\u00a0\u00bb global_colors_info=\u00a0\u00bb{}\u00a0\u00bb][et_pb_text _builder_version=\u00a0\u00bb4.19.2&Prime; _module_preset=\u00a0\u00bbdefault\u00a0\u00bb text_text_color=\u00a0\u00bb#9ec63e\u00a0\u00bb header_text_color=\u00a0\u00bbrgba(0,0,0,0.6)\u00a0\u00bb global_colors_info=\u00a0\u00bb{}\u00a0\u00bb]<\/p>\n<h1 style=\"text-align: center;\"><strong>Gestion administrative<\/strong><\/h1>\n<p>[\/et_pb_text][et_pb_text _builder_version=\u00a0\u00bb4.19.4&Prime; _module_preset=\u00a0\u00bbdefault\u00a0\u00bb global_colors_info=\u00a0\u00bb{}\u00a0\u00bb]<\/p>\n<p class=\"p1\">Chaque aspect de l\u2019administratif est r\u00e9alis\u00e9 selon la l\u00e9gislation en vigueur et dans les d\u00e9lais l\u00e9gaux : v\u00e9rification des papiers d\u2019identit\u00e9 pour les \u00e9trangers aupr\u00e8s de la pr\u00e9fecture, d\u00e9claration unique d\u2019embauche, \u00e9tablissement des contrats de travail suivant les bons de commande. Chaque int\u00e9rimaire et client b\u00e9n\u00e9ficie gratuitement d&rsquo;un coffre fort num\u00e9rique d\u00e9mat\u00e9rialisant tous les documents. De plus, <b>VERT L&rsquo;OBJECTIF<\/b>\u00a0peut \u00e9tablir, \u00e0 la demande du client, des documents sp\u00e9cifiques tels que : entr\u00e9es et sorties du personnel dans le mois, statistiques, attestations\u2026<\/p>\n<p>[\/et_pb_text][\/et_pb_column][et_pb_column type=\u00a0\u00bb1_2&Prime; _builder_version=\u00a0\u00bb4.19.2&Prime; _module_preset=\u00a0\u00bbdefault\u00a0\u00bb global_colors_info=\u00a0\u00bb{}\u00a0\u00bb][et_pb_text _builder_version=\u00a0\u00bb4.19.2&Prime; _module_preset=\u00a0\u00bbdefault\u00a0\u00bb text_text_color=\u00a0\u00bb#9ec63e\u00a0\u00bb header_text_color=\u00a0\u00bbrgba(0,0,0,0.6)\u00a0\u00bb global_colors_info=\u00a0\u00bb{}\u00a0\u00bb]<\/p>\n<h1 style=\"text-align: center;\"><strong>S\u00e9curit\u00e9<\/strong><\/h1>\n<p>[\/et_pb_text][et_pb_text _builder_version=\u00a0\u00bb4.19.2&Prime; _module_preset=\u00a0\u00bbdefault\u00a0\u00bb global_colors_info=\u00a0\u00bb{}\u00a0\u00bb]<\/p>\n<p class=\"p1\">A chaque mission, les int\u00e9rimaires d\u00e9l\u00e9gu\u00e9s sont \u00e9quip\u00e9s de protections individuelles de s\u00e9curit\u00e9 (chaussures de s\u00e9curit\u00e9, gants, casque, lunettes\u2026) en fonction du poste occup\u00e9.<br \/>Afin de pr\u00e9venir des risques professionnels,\u00a0<b>VERT L&rsquo;OBJECTIF<\/b>\u00a0sensibilise les int\u00e9rimaires en leur remettant un livret de s\u00e9curit\u00e9. Pour\u00a0<b>VERT L&rsquo;OBJECTIF<\/b>, l\u2019ex\u00e9cution d\u2019une mission se fait dans les meilleures conditions et en toute s\u00e9curit\u00e9.<\/p>\n<p>[\/et_pb_text][\/et_pb_column][\/et_pb_row][et_pb_row _builder_version=\u00a0\u00bb4.19.2&Prime; _module_preset=\u00a0\u00bbdefault\u00a0\u00bb global_colors_info=\u00a0\u00bb{}\u00a0\u00bb][et_pb_column type=\u00a0\u00bb4_4&Prime; _builder_version=\u00a0\u00bb4.19.2&Prime; _module_preset=\u00a0\u00bbdefault\u00a0\u00bb global_colors_info=\u00a0\u00bb{}\u00a0\u00bb][et_pb_divider color=\u00a0\u00bbrgba(0,0,0,0.2)\u00a0\u00bb divider_position=\u00a0\u00bbcenter\u00a0\u00bb _builder_version=\u00a0\u00bb4.19.2&Prime; _module_preset=\u00a0\u00bbdefault\u00a0\u00bb global_colors_info=\u00a0\u00bb{}\u00a0\u00bb][\/et_pb_divider][\/et_pb_column][\/et_pb_row][et_pb_row _builder_version=\u00a0\u00bb4.19.2&Prime; _module_preset=\u00a0\u00bbdefault\u00a0\u00bb global_colors_info=\u00a0\u00bb{}\u00a0\u00bb][et_pb_column type=\u00a0\u00bb4_4&Prime; _builder_version=\u00a0\u00bb4.19.2&Prime; _module_preset=\u00a0\u00bbdefault\u00a0\u00bb global_colors_info=\u00a0\u00bb{}\u00a0\u00bb][et_pb_text _builder_version=\u00a0\u00bb4.19.2&Prime; _module_preset=\u00a0\u00bbdefault\u00a0\u00bb text_font=\u00a0\u00bb|700|||||||\u00a0\u00bb text_text_color=\u00a0\u00bb#9ec63e\u00a0\u00bb text_font_size=\u00a0\u00bb39px\u00a0\u00bb text_line_height=\u00a0\u00bb1em\u00a0\u00bb header_text_color=\u00a0\u00bbrgba(0,0,0,0.6)\u00a0\u00bb custom_padding=\u00a0\u00bb1px|||||\u00a0\u00bb global_colors_info=\u00a0\u00bb{}\u00a0\u00bb]<\/p>\n<p style=\"text-align: center;\">Notre d\u00e9marche RSE<br \/>(Responsabilit\u00e9 soci\u00e9tale des entreprises)<\/p>\n<p>[\/et_pb_text][et_pb_text _builder_version=\u00a0\u00bb4.19.2&Prime; _module_preset=\u00a0\u00bbdefault\u00a0\u00bb global_colors_info=\u00a0\u00bb{}\u00a0\u00bb]<\/p>\n<h3>Nos actions dans le domaine de l\u2019environnement :<\/h3>\n<ul>\n<li>Nous informons nos collaborateurs sur les bonnes pratiques respectueuses de l\u2019environnement et les encourageons \u00e0 proposer de nouvelles actions.<\/li>\n<li>Nous recyclons nos consommables (cartouches d\u2019encre, copie de papiers etc.)<br \/>Nous favorisons aupr\u00e8s de nos clients, int\u00e9rimaires et fournisseurs la d\u00e9mat\u00e9rialisation (Contrats, bulletins de salaires, factures, documents administratifs etc.)<\/li>\n<li>Le train est toujours privil\u00e9gi\u00e9 lors de nos d\u00e9placements sur toute la France.<br \/>Le tri des d\u00e9chets est mis en place dans nos agences.<\/li>\n<li>Conscient de l\u2019importance et de la fragilit\u00e9 de la biodiversit\u00e9, notre r\u00e9seau VERT L\u2019OBJECTIF poss\u00e8de plusieurs ruches situ\u00e9es dans les Vosges.<\/li>\n<\/ul>\n<h3>Ethique et pratiques commerciales :<\/h3>\n<ul>\n<li>Nous nous engageons \u00e0 agir avec loyaut\u00e9, equit\u00e9 et transparence avec tous nos interlocuteurs et respecter strictement les principes \u00e9thiques dans les relations d\u2019affaires.<\/li>\n<li>Nous nous engageons \u00e0 ne pas mener de pratiques anticoncurrentielles.<\/li>\n<li>Nous nous engageons \u00e0 respecter nos accords commerciaux mais \u00e9galement la r\u00e8glementation du travail temporaire en vigueur ainsi que les proc\u00e9dures de l\u2019entreprise utilisatrice<\/li>\n<li>Nous accompagnons nos clients dans le cadre d\u2019une relation constructive et durable afin de contribuer \u00e0 la performance de leurs organisations en leur fournissant des prestations performantes, adapt\u00e9es \u00e0 leurs besoins et \u00e0 leurs attentes.<\/li>\n<\/ul>\n<h3>Nos engagements aupr\u00e8s des int\u00e9rimaires et candidats :<\/h3>\n<ul>\n<li>Nous assurons la sant\u00e9 et la s\u00e9curit\u00e9 de chacun de nos collaborateurs et leur fournissons un \u00e9quipement de protection individuel de base pour travailler en toute s\u00e9curit\u00e9.<\/li>\n<li>Nous sensibilisons nos int\u00e9rimaires sur les risques d\u2019accidents sur chantier en leur faisant passer un test sous forme de quizz et leur remettant ensuite un livret de s\u00e9curit\u00e9 sp\u00e9cifique \u00e0 leur m\u00e9tier<\/li>\n<li>Nous respectons les lois applicables en mati\u00e8re de salaires et de temps de travail<\/li>\n<li>Nous accompagnons nos collaborateurs dans la construction d\u2019un parcours professionnel individuel et adapt\u00e9 pour un acc\u00e8s \u00e0 l\u2019emploi durable, en respectant le principe de diversit\u00e9 dans le cadre de nos recrutements, en garantissant l\u2019\u00e9galit\u00e9 des chances et ne pas exercer de discrimination sous quelque forme que ce soit pour tous nos collaborateurs, int\u00e9rimaires et candidats.<\/li>\n<li>Nous veillons \u00e9galement \u00e0 la professionnalisation des \u00e9quipes \u00e0 travers des actions de formation r\u00e9guli\u00e8res et adapt\u00e9es.<\/li>\n<li>Nous respectons la confidentialit\u00e9 des affaires et des donn\u00e9es personnelles.<\/li>\n<\/ul>\n<p>[\/et_pb_text][\/et_pb_column][\/et_pb_row][et_pb_row _builder_version=\u00a0\u00bb4.19.2&Prime; _module_preset=\u00a0\u00bbdefault\u00a0\u00bb global_colors_info=\u00a0\u00bb{}\u00a0\u00bb][et_pb_column type=\u00a0\u00bb4_4&Prime; _builder_version=\u00a0\u00bb4.19.2&Prime; _module_preset=\u00a0\u00bbdefault\u00a0\u00bb global_colors_info=\u00a0\u00bb{}\u00a0\u00bb][et_pb_divider color=\u00a0\u00bbrgba(0,0,0,0.2)\u00a0\u00bb divider_position=\u00a0\u00bbcenter\u00a0\u00bb _builder_version=\u00a0\u00bb4.19.2&Prime; _module_preset=\u00a0\u00bbdefault\u00a0\u00bb global_colors_info=\u00a0\u00bb{}\u00a0\u00bb][\/et_pb_divider][\/et_pb_column][\/et_pb_row][et_pb_row _builder_version=\u00a0\u00bb4.19.2&Prime; _module_preset=\u00a0\u00bbdefault\u00a0\u00bb width=\u00a0\u00bb100%\u00a0\u00bb max_width=\u00a0\u00bb100%\u00a0\u00bb min_height=\u00a0\u00bb419.5px\u00a0\u00bb custom_margin=\u00a0\u00bb1px|auto|0px|auto|false|false\u00a0\u00bb custom_padding=\u00a0\u00bb||0px||false|false\u00a0\u00bb global_colors_info=\u00a0\u00bb{}\u00a0\u00bb][et_pb_column type=\u00a0\u00bb4_4&Prime; _builder_version=\u00a0\u00bb4.19.2&Prime; _module_preset=\u00a0\u00bbdefault\u00a0\u00bb global_colors_info=\u00a0\u00bb{}\u00a0\u00bb][et_pb_text _builder_version=\u00a0\u00bb4.19.2&Prime; _module_preset=\u00a0\u00bbdefault\u00a0\u00bb text_font=\u00a0\u00bb|700|||||||\u00a0\u00bb text_text_color=\u00a0\u00bb#9ec63e\u00a0\u00bb text_font_size=\u00a0\u00bb39px\u00a0\u00bb header_text_color=\u00a0\u00bbrgba(0,0,0,0.6)\u00a0\u00bb global_colors_info=\u00a0\u00bb{}\u00a0\u00bb]<\/p>\n<p style=\"text-align: center;\"><strong>Nos agences<\/strong><\/p>\n<p>[\/et_pb_text][et_pb_text _builder_version=\u00a0\u00bb4.21.0&Prime; _module_preset=\u00a0\u00bbdefault\u00a0\u00bb width=\u00a0\u00bb100%\u00a0\u00bb max_width=\u00a0\u00bb100%\u00a0\u00bb custom_margin=\u00a0\u00bb||-8px||false|false\u00a0\u00bb custom_padding=\u00a0\u00bb||108px||false|false\u00a0\u00bb hover_enabled=\u00a0\u00bb0&Prime; global_colors_info=\u00a0\u00bb{}\u00a0\u00bb sticky_enabled=\u00a0\u00bb0&Prime;]<iframe src=\"https:\/\/vert-interim.com\/map-reso.php?ref=VTO\" style=\"width: 100%; height: 450px; padding: 0; margin: 0;\" border=\"0\"><\/p>\n<p><\/iframe>[\/et_pb_text][\/et_pb_column][\/et_pb_row][\/et_pb_section]<\/p>\n","protected":false},"excerpt":{"rendered":"<p>Qui sommes-nous ?Vert l\u2019objectif Toulouse fait partie du r\u00e9seau Vert l\u2019objectif, sp\u00e9cialiste de l\u2019int\u00e9rim et du recrutement dans les espaces verts pr\u00e9sent dans le secteur depuis plus de 20 ans.Le professionnel de l&#8217;emploi en Espaces Verts \u00e0 votre serviceDepuis plus de 20 ans\u00a0VERT L&rsquo;OBJECTIF\u00a0partage avec vous la m\u00eame passion \u00ab\u00a0l&rsquo;exigence du travail bien fait\u00a0\u00bb. L&rsquo;\u00e9coute, [&hellip;]<\/p>\n","protected":false},"author":1,"featured_media":0,"parent":0,"menu_order":0,"comment_status":"closed","ping_status":"closed","template":"","meta":{"_et_pb_use_builder":"on","_et_pb_old_content":"","_et_gb_content_width":""},"_links":{"self":[{"href":"https:\/\/toulouse.augarage.tech\/index.php\/wp-json\/wp\/v2\/pages\/367"}],"collection":[{"href":"https:\/\/toulouse.augarage.tech\/index.php\/wp-json\/wp\/v2\/pages"}],"about":[{"href":"https:\/\/toulouse.augarage.tech\/index.php\/wp-json\/wp\/v2\/types\/page"}],"author":[{"embeddable":true,"href":"https:\/\/toulouse.augarage.tech\/index.php\/wp-json\/wp\/v2\/users\/1"}],"replies":[{"embeddable":true,"href":"https:\/\/toulouse.augarage.tech\/index.php\/wp-json\/wp\/v2\/comments?post=367"}],"version-history":[{"count":22,"href":"https:\/\/toulouse.augarage.tech\/index.php\/wp-json\/wp\/v2\/pages\/367\/revisions"}],"predecessor-version":[{"id":793,"href":"https:\/\/toulouse.augarage.tech\/index.php\/wp-json\/wp\/v2\/pages\/367\/revisions\/793"}],"wp:attachment":[{"href":"https:\/\/toulouse.augarage.tech\/index.php\/wp-json\/wp\/v2\/media?parent=367"}],"curies":[{"name":"wp","href":"https:\/\/api.w.org\/{rel}","templated":true}]}}